{"id":31709,"date":"2026-05-13T17:32:13","date_gmt":"2026-05-13T17:32:13","guid":{"rendered":"https:\/\/beosstrix.shop\/product\/aksport-aufblasbares-stand-up-paddle-board-aufblasbare-sup-board-mit-allem-zubehor-breites-stabiles-design-rutschfestes-deck-paddling-board-fur-jugendliche-und-erwachsene\/"},"modified":"2026-05-13T17:32:17","modified_gmt":"2026-05-13T17:32:17","slug":"aksport-aufblasbares-stand-up-paddle-board-aufblasbare-sup-board-mit-allem-zubehor-breites-stabiles-design-rutschfestes-deck-paddling-board-fur-jugendliche-und-erwachsene","status":"publish","type":"product","link":"https:\/\/beosstrix.shop\/en\/product\/aksport-aufblasbares-stand-up-paddle-board-aufblasbare-sup-board-mit-allem-zubehor-breites-stabiles-design-rutschfestes-deck-paddling-board-fur-jugendliche-und-erwachsene\/","title":{"rendered":"Aksport SUP Board Aufblasbar Komplett-Set Breites Design Rutschfestes Deck Jugendliche Erwachsene"},"content":{"rendered":"<div id=\"productDescription\" class=\"a-section a-spacing-small\">       <!-- show up to 2 reviews by default --><\/p>\n<p>    <span>KSPORT SUP Board Stand Up Paddling Board<\/span>    <\/p>\n<\/p><\/div>\n<p><strong>Product Overview<\/strong><\/p>\n<ul>\n<li>\n<strong>Marke:<\/strong> AKSPORT<\/li>\n<li>\n<strong>Farbe:<\/strong> Mintgreen<\/li>\n<li>\n<strong>Material:<\/strong> Polyvinylchlorid (PVC)<\/li>\n<li>\n<strong>Sport:<\/strong> SUP<\/li>\n<li>\n<strong>Artikelgewicht:<\/strong> 14 Kilogramm<\/li>\n<\/ul>\n<p><strong>Product Features<\/strong><\/p>\n<ul>\n<li>\u301034&#8243; Ultrabreites Deck mit 450 lb Tragkraft\u3011Das AKSPORT 11&#8217;\u00d734&#8243;\u00d76&#8243; aufblasbare SUP Board bietet branchenf\u00fchrende Deckbreite (20% breiter als 33&#8243;-Boards) f\u00fcr maximale Stabilit\u00e4t \u2013 ideal f\u00fcr Anf\u00e4nger, Yoga und Angler. Mit 450 lb Tragkraft (30% mehr als Mitbewerber) erm\u00f6glicht es optimale Lastverteilung. Die 3D-Diamant-EVA-Oberfl\u00e4che sorgt f\u00fcr rutschfesten Halt, w\u00e4hrend drei Finnen Kontrolle in allen Gew\u00e4ssern garantieren<\/li>\n<li>\u3010Komplettes Profi-Zubeh\u00f6rset\u3011Dieses Premium-SUP-Paket enth\u00e4lt alles f\u00fcr sofortige Abenteuer: Handpumpe 3-teiliges verstellbares Aluminium-Paddel (62 5&#8243;-88&#8243;) drei abnehmbare Finnen Kajaksitz Rucksack 5L Trockentasche Sicherheitsleine Handyhalter Cup-Halter Kamera-Montagebasis und professionelles Reparaturset<\/li>\n<li>\u3010Vielseitiges 2-in-1-Design\u3011Sofortiger Wechsel zwischen Stand-Up-Paddling und Kajak-Modus durch ergonomischen Sitz und Doppelpaddel. Das extrabreite Deck bietet Platz f\u00fcr Angelausr\u00fcstung oder Haustiere w\u00e4hrend die Kamerahalterung es perfekt f\u00fcr Fotografie oder Expeditionen macht. Ideal f\u00fcr Seen Fl\u00fcsse und K\u00fcstengew\u00e4sser<\/li>\n<li>\u3010Multifunktionales Board f\u00fcr Yoga Angeln und Touren\u3011Das AKSPORT 11&#8242; SUP Board kombiniert 450 lb Tragkraft mit vielseitiger Performance. Konzipiert f\u00fcr 2-3 Personen und tierfreundliche Abenteuer eignet es sich perfekt f\u00fcr Paddeln Touren Yoga und Angeln \u2013 mit professioneller Stabilit\u00e4t f\u00fcr unvergessliche Wassererlebnisse<\/li>\n<li>\u3010Premium-Kundenservice\u3011AKSPORT gew\u00e4hrt einj\u00e4hrigen Produktschutz bei Besch\u00e4digungen wie Punktionen Nahtundichtigkeiten Ventildefekten oder Komponentensch\u00e4den. Nutzen Sie unsere 30-Tage-Zufriedenheitsgarantie f\u00fcr sorgenfreien Einsatz<\/li>\n<\/ul>\n<p><strong>Product Information<\/strong><\/p>\n<ul>\n<table style=\"margin-bottom:20px\">\n<tbody>\n<tr>\n<td><strong>Marke<\/strong><\/td>\n<td>AKSPORT<\/td>\n<\/tr>\n<tr>\n<td><strong>Sporttyp<\/strong><\/td>\n<td>SUP<\/td>\n<\/tr>\n<tr>\n<td><strong>F\u00e4higkeitsebene<\/strong><\/td>\n<td>Einsteiger<\/td>\n<\/tr>\n<tr>\n<td><strong>Hersteller<\/strong><\/td>\n<td>AKSPORT<\/td>\n<\/tr>\n<tr>\n<td><strong>Eingeschlossene Komponenten<\/strong><\/td>\n<td>backpack<\/td>\n<\/tr>\n<tr>\n<td><strong>Anzahl von Einheiten<\/strong><\/td>\n<td>1.0 st\u00fcck<\/td>\n<\/tr>\n<tr>\n<td><strong>Artikeltyp Name<\/strong><\/td>\n<td>sup board<\/td>\n<\/tr>\n<tr>\n<td><strong>Herkunftsland<\/strong><\/td>\n<td>China<\/td>\n<\/tr>\n<tr>\n<td><strong>Garantie f\u00fcr das Produkt<\/strong><\/td>\n<td>30 days<\/td>\n<\/tr>\n<tr>\n<td><strong>Amazon Bestseller-Rang<\/strong><\/td>\n<td><\/td>\n<\/tr>\n<tr>\n<td><strong>ASIN<\/strong><\/td>\n<td>B0DT165FP5<\/td>\n<\/tr>\n<tr>\n<td><strong>Durchschnittliche Kundenbewertung<\/strong><\/td>\n<td><\/td>\n<\/tr>\n<tr>\n<td><strong>Artikelgewicht<\/strong><\/td>\n<td>14 Kilogramm<\/td>\n<\/tr>\n<tr>\n<td><strong>Artikelma\u00dfe L x B<\/strong><\/td>\n<td>3,35L x 0,86B m<\/td>\n<\/tr>\n<tr>\n<td><strong>Artikelst\u00e4rke<\/strong><\/td>\n<td>15 Zentimeter<\/td>\n<\/tr>\n<tr>\n<td><strong>Farbe<\/strong><\/td>\n<td>Mintgreen<\/td>\n<\/tr>\n<tr>\n<td><strong>Material<\/strong><\/td>\n<td>Polyvinylchlorid (PVC)<\/td>\n<\/tr>\n<tr>\n<td><strong>Empfohlenes Maximalgewicht<\/strong><\/td>\n<td>450 Pfund<\/td>\n<\/tr>\n<\/tbody>\n<\/table>\n<\/ul>","protected":false},"excerpt":{"rendered":"<p>KSPORT SUP Board Stand Up Paddling Board Product Overview Marke: AKSPORT Farbe: Mintgreen Material: Polyvinylchlorid (PVC) Sport: SUP Artikelgewicht: 14<\/p>","protected":false},"featured_media":31711,"comment_status":"open","ping_status":"closed","template":"","meta":[],"product_brand":[],"product_cat":[153],"product_tag":[],"class_list":{"0":"post-31709","1":"product","2":"type-product","3":"status-publish","4":"has-post-thumbnail","6":"product_cat-sup-boards","8":"first","9":"instock","10":"sale","11":"shipping-taxable","12":"purchasable","13":"product-type-variable"},"jetpack_sharing_enabled":true,"_links":{"self":[{"href":"https:\/\/beosstrix.shop\/en\/wp-json\/wp\/v2\/product\/31709","targetHints":{"allow":["GET"]}}],"collection":[{"href":"https:\/\/beosstrix.shop\/en\/wp-json\/wp\/v2\/product"}],"about":[{"href":"https:\/\/beosstrix.shop\/en\/wp-json\/wp\/v2\/types\/product"}],"replies":[{"embeddable":true,"href":"https:\/\/beosstrix.shop\/en\/wp-json\/wp\/v2\/comments?post=31709"}],"version-history":[{"count":0,"href":"https:\/\/beosstrix.shop\/en\/wp-json\/wp\/v2\/product\/31709\/revisions"}],"wp:featuredmedia":[{"embeddable":true,"href":"https:\/\/beosstrix.shop\/en\/wp-json\/wp\/v2\/media\/31711"}],"wp:attachment":[{"href":"https:\/\/beosstrix.shop\/en\/wp-json\/wp\/v2\/media?parent=31709"}],"wp:term":[{"taxonomy":"product_brand","embeddable":true,"href":"https:\/\/beosstrix.shop\/en\/wp-json\/wp\/v2\/product_brand?post=31709"},{"taxonomy":"product_cat","embeddable":true,"href":"https:\/\/beosstrix.shop\/en\/wp-json\/wp\/v2\/product_cat?post=31709"},{"taxonomy":"product_tag","embeddable":true,"href":"https:\/\/beosstrix.shop\/en\/wp-json\/wp\/v2\/product_tag?post=31709"}],"curies":[{"name":"wp","href":"https:\/\/api.w.org\/{rel}","templated":true}]}}