{"id":31732,"date":"2026-05-13T17:32:16","date_gmt":"2026-05-13T17:32:16","guid":{"rendered":"https:\/\/beosstrix.shop\/product\/alpidex-stand-up-paddle-set-sup-320-x-76-x-15-cm-max-belastbar-bis-200-kg-aufblasbar-stabil-leicht-komplett-set-tragetasche-paddel-finnen-luftpumpe-leash-repair-kit\/"},"modified":"2026-05-13T17:32:17","modified_gmt":"2026-05-13T17:32:17","slug":"alpidex-stand-up-paddle-set-sup-320-x-76-x-15-cm-max-belastbar-bis-200-kg-aufblasbar-stabil-leicht-komplett-set-tragetasche-paddel-finnen-luftpumpe-leash-repair-kit","status":"publish","type":"product","link":"https:\/\/beosstrix.shop\/en\/product\/alpidex-stand-up-paddle-set-sup-320-x-76-x-15-cm-max-belastbar-bis-200-kg-aufblasbar-stabil-leicht-komplett-set-tragetasche-paddel-finnen-luftpumpe-leash-repair-kit\/","title":{"rendered":"Alpidex SUP Board Set 320x76x15 cm 200kg Aufblasbar Paddel Finnen Pumpe Leash Tragetasche Repair Kit"},"content":{"rendered":"<div id=\"productDescription\" class=\"a-section a-spacing-small\">       <!-- show up to 2 reviews by default -->\n           <\/div>\n<p><strong>Product Overview<\/strong><\/p>\n<ul>\n<li>\n<strong>Marke:<\/strong> ALPIDEX<\/li>\n<li>\n<strong>Farbe:<\/strong> Cloud<\/li>\n<li>\n<strong>Material:<\/strong> Polyvinylchlorid (PVC)<\/li>\n<li>\n<strong>Sport:<\/strong> SUP<\/li>\n<li>\n<strong>Artikelgewicht:<\/strong> 14 Kilogramm<\/li>\n<\/ul>\n<p><strong>Product Features<\/strong><\/p>\n<ul>\n<li>&#x1f30a; KOMPLETT-PAKET: 1 x SUP 320 cm* 1 x Rucksack * 1 x Doppelhub Pumpe * 1 x dreiteiliges Aluminium Paddel * 1 x Leash * 1 x Reparatur-Kit<\/li>\n<li>&#x1f30a; DURCHDACHTE DETAILS: angeschr\u00e4gte Spitze des SUP Boards f\u00fcr besseres Wellengleiten * gro\u00dfer Rucksack mit Rei\u00dfverschluss \u00fcber 3 Seiten &#8211; kann auch als Tasche getragen werden * Board mit Tragegriff * rutschfester EVA Deck * Double-Action-Luftpumpe mit Manomenter * Paddle Board Sicherheitsleine<\/li>\n<li>&#x1f30a; EXTRAS: 1 herausnehmbare Zentral-Finne und 2 Seiten-Finnen unter dem Board sorgen f\u00fcr mehr Stabilit\u00e4t im Wasser * leichtes Alupaddel mit ergonomisch geformtem Griff, das nach Belieben an die eigene K\u00f6rpergr\u00f6\u00dfe angepasst und zu eimem Kajak Paddel umgebaut werden kann * gest\u00e4rkte Doppelseitenwand<\/li>\n<li>&#x1f30a; ROBUSTE VERARBEITUNG: strapazierf\u00e4higer Kunststoff * hochwertiges Aluminium * \u00d6sen mit 2-lagiger Lasche befestigt, um ein Ausrei\u00dfen zu verhindern * Drop Stitch Technologie f\u00fcr Festigkeit und Haltbarkeit<\/li>\n<li>&#x1f30a; IMMER DABEI: mit einem Packma\u00df von 88 x 38 x 29 cm und leichten 13 kg (inkl. Zubeh\u00f6r) passt es in den kleinsten Kofferaum und kann Sie bei jedem Ausflug an den See oder in den Urlaub begleiten<\/li>\n<\/ul>\n<p><strong>Product Information<\/strong><\/p>\n<ul>\n<table style=\"margin-bottom:20px\">\n<tbody>\n<tr>\n<td><strong>Marke<\/strong><\/td>\n<td>ALPIDEX<\/td>\n<\/tr>\n<tr>\n<td><strong>Sporttyp<\/strong><\/td>\n<td>SUP<\/td>\n<\/tr>\n<tr>\n<td><strong>F\u00e4higkeitsebene<\/strong><\/td>\n<td>Einsteiger<\/td>\n<\/tr>\n<tr>\n<td><strong>Altersgruppe Beschreibung<\/strong><\/td>\n<td>Erwachsener<\/td>\n<\/tr>\n<tr>\n<td><strong>Hersteller<\/strong><\/td>\n<td>ALPIDEX<\/td>\n<\/tr>\n<tr>\n<td><strong>Artikelnummer<\/strong><\/td>\n<td>16162_Cloud<\/td>\n<\/tr>\n<tr>\n<td><strong>Herkunftsland<\/strong><\/td>\n<td>China<\/td>\n<\/tr>\n<tr>\n<td><strong>Amazon Bestseller-Rang<\/strong><\/td>\n<td><\/td>\n<\/tr>\n<tr>\n<td><strong>ASIN<\/strong><\/td>\n<td>B088MDH39W<\/td>\n<\/tr>\n<tr>\n<td><strong>Durchschnittliche Kundenbewertung<\/strong><\/td>\n<td><\/td>\n<\/tr>\n<tr>\n<td><strong>Artikelgewicht<\/strong><\/td>\n<td>14 Kilogramm<\/td>\n<\/tr>\n<tr>\n<td><strong>Artikelma\u00dfe L x B<\/strong><\/td>\n<td>3,2L x 0,76B m<\/td>\n<\/tr>\n<tr>\n<td><strong>Artikelst\u00e4rke<\/strong><\/td>\n<td>15 Zentimeter<\/td>\n<\/tr>\n<tr>\n<td><strong>Farbe<\/strong><\/td>\n<td>Cloud<\/td>\n<\/tr>\n<tr>\n<td><strong>Material<\/strong><\/td>\n<td>Polyvinylchlorid (PVC)<\/td>\n<\/tr>\n<tr>\n<td><strong>Tr\u00e4gerart<\/strong><\/td>\n<td>Gewickelte oder &#8222;Kn\u00f6chelleine&#8220;<\/td>\n<\/tr>\n<tr>\n<td><strong>Empfohlenes Maximalgewicht<\/strong><\/td>\n<td>130 Kilogramm<\/td>\n<\/tr>\n<tr>\n<td><strong>Max. Druck<\/strong><\/td>\n<td>18 Pfund pro Quadratzoll<\/td>\n<\/tr>\n<\/tbody>\n<\/table>\n<\/ul>","protected":false},"excerpt":{"rendered":"<p>Product Overview Marke: ALPIDEX Farbe: Cloud Material: Polyvinylchlorid (PVC) Sport: SUP Artikelgewicht: 14 Kilogramm Product Features &#x1f30a; KOMPLETT-PAKET: 1 x<\/p>","protected":false},"featured_media":31938,"comment_status":"open","ping_status":"closed","template":"","meta":[],"product_brand":[],"product_cat":[153],"product_tag":[],"class_list":{"0":"post-31732","1":"product","2":"type-product","3":"status-publish","4":"has-post-thumbnail","6":"product_cat-sup-boards","8":"first","9":"instock","10":"sale","11":"shipping-taxable","12":"purchasable","13":"product-type-variable"},"jetpack_sharing_enabled":true,"_links":{"self":[{"href":"https:\/\/beosstrix.shop\/en\/wp-json\/wp\/v2\/product\/31732","targetHints":{"allow":["GET"]}}],"collection":[{"href":"https:\/\/beosstrix.shop\/en\/wp-json\/wp\/v2\/product"}],"about":[{"href":"https:\/\/beosstrix.shop\/en\/wp-json\/wp\/v2\/types\/product"}],"replies":[{"embeddable":true,"href":"https:\/\/beosstrix.shop\/en\/wp-json\/wp\/v2\/comments?post=31732"}],"version-history":[{"count":0,"href":"https:\/\/beosstrix.shop\/en\/wp-json\/wp\/v2\/product\/31732\/revisions"}],"wp:featuredmedia":[{"embeddable":true,"href":"https:\/\/beosstrix.shop\/en\/wp-json\/wp\/v2\/media\/31938"}],"wp:attachment":[{"href":"https:\/\/beosstrix.shop\/en\/wp-json\/wp\/v2\/media?parent=31732"}],"wp:term":[{"taxonomy":"product_brand","embeddable":true,"href":"https:\/\/beosstrix.shop\/en\/wp-json\/wp\/v2\/product_brand?post=31732"},{"taxonomy":"product_cat","embeddable":true,"href":"https:\/\/beosstrix.shop\/en\/wp-json\/wp\/v2\/product_cat?post=31732"},{"taxonomy":"product_tag","embeddable":true,"href":"https:\/\/beosstrix.shop\/en\/wp-json\/wp\/v2\/product_tag?post=31732"}],"curies":[{"name":"wp","href":"https:\/\/api.w.org\/{rel}","templated":true}]}}