{"id":31743,"date":"2026-05-13T17:32:18","date_gmt":"2026-05-13T17:32:18","guid":{"rendered":"https:\/\/beosstrix.shop\/product\/aqua-spirit-sup-board-mit-sitz-kajak-aufblasbar-barracuda-stand-up-paddling-board-320x81x15cm-fur-standup-paddle-board-bis-150kg-mit-sup-sitz-doppelpaddel-pumpe-tasche-zubehor-sup-set\/"},"modified":"2026-05-13T17:32:20","modified_gmt":"2026-05-13T17:32:20","slug":"aqua-spirit-sup-board-mit-sitz-kajak-aufblasbar-barracuda-stand-up-paddling-board-320x81x15cm-fur-standup-paddle-board-bis-150kg-mit-sup-sitz-doppelpaddel-pumpe-tasche-zubehor-sup-set","status":"publish","type":"product","link":"https:\/\/beosstrix.shop\/en\/product\/aqua-spirit-sup-board-mit-sitz-kajak-aufblasbar-barracuda-stand-up-paddling-board-320x81x15cm-fur-standup-paddle-board-bis-150kg-mit-sup-sitz-doppelpaddel-pumpe-tasche-zubehor-sup-set\/","title":{"rendered":"Aqua Spirit Barracuda SUP Board Kajak 320x81x15 cm 150kg Mit Sitz Doppelpaddel Pumpe Tasche Set"},"content":{"rendered":"<div id=\"productDescription\" class=\"a-section a-spacing-small\">       <!-- show up to 2 reviews by default --><\/p>\n<p>    <span>SUP &#038; KAYAK 2022 &#8211; Unser Barracuda Stand Up Paddle Board ist ein 2-in-1 Premium-SUP &#038; Kajak, das die aggressiven Leistungsmerkmale von Tourenboards zusammen mit Komfort und Stabilit\u00e4t von Allround-Freizeitboards bietet. Das 2022-Paket enth\u00e4lt Bonusartikel, damit Sie aufs Wasser gehen k\u00f6nnen: 4-welliges Aluminium-Paddel (mit Kajakblatt-Option) &#038; Gurte | neuer Kajaksitz | neuer Rucksack | Handpumpe | US-Flosse | Kn\u00f6chelleine | Schultergurt | Wickelunterlage | wasserdichte Handyh\u00fclle | Flaschenhalter<\/span>    <\/p>\n<\/p><\/div>\n<p><strong>Product Overview<\/strong><\/p>\n<ul>\n<li>\n<strong>Marke:<\/strong> AQUA SPIRIT<\/li>\n<li>\n<strong>Farbe:<\/strong> Blau 320cm<\/li>\n<li>\n<strong>Material:<\/strong> Polyvinylchlorid (PVC)<\/li>\n<li>\n<strong>Sport:<\/strong> Kajak, SUP<\/li>\n<li>\n<strong>Artikelgewicht:<\/strong> 2,6 Kilogramm<\/li>\n<\/ul>\n<p><strong>Product Features<\/strong><\/p>\n<ul>\n<li>KOMPLETTES 2-IN-1 SUP-SET: Unser neuestes 2026 Barracuda Stand Up Paddle Board vereint Touring-orientiertes sup board und komfortables Kajak in einem Paket und kommt mit 4-teiligen Aluminiumpaddel, Gurten, Kajaksitz, Rucksack, Handpumpe, 9-Zoll-Mittelflosse mit Schraubbefestigung, Kn\u00f6chelleine, Schultergurt, Wechselmatte, wasserdichter Handytasche und praktischem Flaschenhalter f\u00fcr entspannte Auszeiten auf dem Wasser.<\/li>\n<li>STABILES FAHRGEF\u00dcHL F\u00dcR JEDEN: Das Barracuda sup board bietet dank seiner ausgewogenen Allround-Shape ein kontrolliertes, geschmeidiges und zugleich reaktionsschnelles Gleitverhalten, das Anf\u00e4ngern Sicherheit gibt und Fortgeschrittenen pr\u00e4zise Man\u00f6ver erlaubt; die 6&#8243;-Dicke sorgt f\u00fcr souver\u00e4ne Stabilit\u00e4t auch bei l\u00e4ngeren Touren, w\u00e4hrend das strukturierte, gerillte Deckpad rutschfesten Halt f\u00fcr barfu\u00dfes Stand-up Paddling und entspannte Auszeiten mit Freunden garantiert.<\/li>\n<li>FLEXIBLER WECHSEL ZWISCHEN PADDEL-STILEN: Im Handumdrehen wechseln Sie vom dynamischen Stand-up Paddling zum entspannten Kajakmodus, indem Sie den ergonomischen Sitz an den D-Ringen befestigen und das mitgelieferte Paddel mit Zusatzblatt in ein vollwertiges, doppelseitiges Kajakpaddel verwandeln \u2013 perfekt f\u00fcr alle, die ihr sup board vielseitig nutzen, l\u00e4ngere Strecken im Sitzen zur\u00fccklegen und ihre Zeit auf dem Wasser noch individueller gestalten m\u00f6chten.<\/li>\n<li>BARRACUDA-VITALSTATISTIK F\u00dcR PERFORMANCE: Gr\u00f6\u00dfe aufgeblasen 10ft 6 x 32&#8243; x 6&#8243; (320 x 81 x 15cm) mit 318L Volumen und bis zu 150kg Fahrergewicht bietet dir ein aufblasbares sup board mit ausgewogenem Auftrieb f\u00fcr sportliche Touren, w\u00e4hrend Go-Pro-Mount, 8 D-Ringe, Double-Action-Pumpe, Aluminiumschaft-Paddel mit Nylonblatt und Mittelfinne dir zuverl\u00e4ssige Kontrolle auf Seen, Fl\u00fcssen, Kan\u00e4len und ruhigen Gew\u00e4ssern bei empfohlenen 15PSI im hochwertigen High-Density-PVC-Dropstitch erm\u00f6glichen.<\/li>\n<li>DIE ZUKUNFTSORIENTIERTEN SUP-EXPERTEN, auf die Sie sich verlassen k\u00f6nnen: Aqua Spirit bietet schnelle Lieferzeiten, Sendungsverfolgung und ein Kundenservice-Team, das Sie bei Ihrer Bestellung unterst\u00fctzt. Mit \u00fcber 100.000 weltweit verkauften Boards ist Aqua Spirit von der Qualit\u00e4t seiner SUPs \u00fcberzeugt und bietet eine zweij\u00e4hrige Herstellergarantie ohne Aufpreis. Registrieren Sie Ihren Kauf einfach nach Erhalt.<\/li>\n<\/ul>\n<p><strong>Product Information<\/strong><\/p>\n<ul>\n<table style=\"margin-bottom:20px\">\n<tbody>\n<tr>\n<td><strong>Marke<\/strong><\/td>\n<td>AQUA SPIRIT<\/td>\n<\/tr>\n<tr>\n<td><strong>Sporttyp<\/strong><\/td>\n<td>Kajak, SUP<\/td>\n<\/tr>\n<tr>\n<td><strong>F\u00e4higkeitsebene<\/strong><\/td>\n<td>Alle<\/td>\n<\/tr>\n<tr>\n<td><strong>Altersgruppe Beschreibung<\/strong><\/td>\n<td>Erwachsener<\/td>\n<\/tr>\n<tr>\n<td><strong>Hersteller<\/strong><\/td>\n<td>AQUA SPIRIT<\/td>\n<\/tr>\n<tr>\n<td><strong>Modellnummer<\/strong><\/td>\n<td>ISUP BARRACUDA BLUE<\/td>\n<\/tr>\n<tr>\n<td><strong>Artikelnummer<\/strong><\/td>\n<td>2145083<\/td>\n<\/tr>\n<tr>\n<td><strong>Eingeschlossene Komponenten<\/strong><\/td>\n<td>Sitz, Paddel und Kajakklinge, Pumpe, Tasche, Teppich, Board<\/td>\n<\/tr>\n<tr>\n<td><strong>Artikeltyp Name<\/strong><\/td>\n<td>Paddleboard<\/td>\n<\/tr>\n<tr>\n<td><strong>Garantie f\u00fcr das Produkt<\/strong><\/td>\n<td>2 year<\/td>\n<\/tr>\n<tr>\n<td><strong>Amazon Bestseller-Rang<\/strong><\/td>\n<td><\/td>\n<\/tr>\n<tr>\n<td><strong>ASIN<\/strong><\/td>\n<td>B08BZSK371<\/td>\n<\/tr>\n<tr>\n<td><strong>Durchschnittliche Kundenbewertung<\/strong><\/td>\n<td><\/td>\n<\/tr>\n<tr>\n<td><strong>Artikelgewicht<\/strong><\/td>\n<td>2,6 Kilogramm<\/td>\n<\/tr>\n<tr>\n<td><strong>Artikelma\u00dfe L x B<\/strong><\/td>\n<td>3,2L x 0,81B m<\/td>\n<\/tr>\n<tr>\n<td><strong>Artikelst\u00e4rke<\/strong><\/td>\n<td>6 Zoll<\/td>\n<\/tr>\n<tr>\n<td><strong>Farbe<\/strong><\/td>\n<td>Blau 320cm<\/td>\n<\/tr>\n<tr>\n<td><strong>Material<\/strong><\/td>\n<td>Polyvinylchlorid (PVC)<\/td>\n<\/tr>\n<tr>\n<td><strong>Tr\u00e4gerart<\/strong><\/td>\n<td>D\u00fcbel<\/td>\n<\/tr>\n<tr>\n<td><strong>Empfohlenes Maximalgewicht<\/strong><\/td>\n<td>150 Kilogramm<\/td>\n<\/tr>\n<tr>\n<td><strong>Max. Druck<\/strong><\/td>\n<td>15 Pfund pro Quadratzoll<\/td>\n<\/tr>\n<\/tbody>\n<\/table>\n<\/ul>","protected":false},"excerpt":{"rendered":"<p>SUP &#038; KAYAK 2022 &#8211; Unser Barracuda Stand Up Paddle Board ist ein 2-in-1 Premium-SUP &#038; Kajak, das die aggressiven<\/p>","protected":false},"featured_media":31963,"comment_status":"open","ping_status":"closed","template":"","meta":[],"product_brand":[],"product_cat":[153],"product_tag":[],"class_list":{"0":"post-31743","1":"product","2":"type-product","3":"status-publish","4":"has-post-thumbnail","6":"product_cat-sup-boards","8":"first","9":"instock","10":"sale","11":"shipping-taxable","12":"purchasable","13":"product-type-variable"},"jetpack_sharing_enabled":true,"_links":{"self":[{"href":"https:\/\/beosstrix.shop\/en\/wp-json\/wp\/v2\/product\/31743","targetHints":{"allow":["GET"]}}],"collection":[{"href":"https:\/\/beosstrix.shop\/en\/wp-json\/wp\/v2\/product"}],"about":[{"href":"https:\/\/beosstrix.shop\/en\/wp-json\/wp\/v2\/types\/product"}],"replies":[{"embeddable":true,"href":"https:\/\/beosstrix.shop\/en\/wp-json\/wp\/v2\/comments?post=31743"}],"version-history":[{"count":0,"href":"https:\/\/beosstrix.shop\/en\/wp-json\/wp\/v2\/product\/31743\/revisions"}],"wp:featuredmedia":[{"embeddable":true,"href":"https:\/\/beosstrix.shop\/en\/wp-json\/wp\/v2\/media\/31963"}],"wp:attachment":[{"href":"https:\/\/beosstrix.shop\/en\/wp-json\/wp\/v2\/media?parent=31743"}],"wp:term":[{"taxonomy":"product_brand","embeddable":true,"href":"https:\/\/beosstrix.shop\/en\/wp-json\/wp\/v2\/product_brand?post=31743"},{"taxonomy":"product_cat","embeddable":true,"href":"https:\/\/beosstrix.shop\/en\/wp-json\/wp\/v2\/product_cat?post=31743"},{"taxonomy":"product_tag","embeddable":true,"href":"https:\/\/beosstrix.shop\/en\/wp-json\/wp\/v2\/product_tag?post=31743"}],"curies":[{"name":"wp","href":"https:\/\/api.w.org\/{rel}","templated":true}]}}