{"id":31869,"date":"2026-05-13T17:32:33","date_gmt":"2026-05-13T17:32:33","guid":{"rendered":"https:\/\/beosstrix.shop\/product\/tigerxbang-sup-boards-stand-up-paddling-board-aufblasbare-paddle-boards-defender-pro-kollektion\/"},"modified":"2026-05-13T17:32:35","modified_gmt":"2026-05-13T17:32:35","slug":"tigerxbang-sup-boards-stand-up-paddling-board-aufblasbare-paddle-boards-defender-pro-kollektion","status":"publish","type":"product","link":"https:\/\/beosstrix.shop\/en\/product\/tigerxbang-sup-boards-stand-up-paddling-board-aufblasbare-paddle-boards-defender-pro-kollektion\/","title":{"rendered":"Tigerxbang Defender Pro SUP Board Aufblasbar Stand Up Paddling"},"content":{"rendered":"<div id=\"productDescription\" class=\"a-section a-spacing-small\">       <!-- show up to 2 reviews by default --><\/p>\n<p><span>TIGERXBANG Defender Pro Surfbrett, neue Kollektion, gemacht f\u00fcr Sie. <\/span><\/p>\n<p><span>Bleiben Sie aufrecht, rudern Sie stark und genie\u00dfen Sie das Abenteuer. <\/span><\/p>\n<p><span>Die aufblasbaren Surfbretter der TIGERXBANG Defender-Pro Kollektion bestehen aus ultraleichtem PVC-Material in Milit\u00e4rqualit\u00e4t, das eine hervorragende Abriebfestigkeit, Robustheit und eine lange Lebensdauer bietet. Mit einer Gr\u00f6\u00dfe von 27 x 81 x 15,2 cm bietet es genug Auftrieb und Unterst\u00fctzung, um im Stehen oder Sitzen zu standhalten und nicht leicht zu verformen. Das Board hat ein rutschfestes EVA-Deckpolster, um Unf\u00e4lle zu verhindern, ein elastisches Seil zur Aufbewahrung von Gegenst\u00e4nden und eine Sicherheitsleine zum sicheren Paddeln. Das Paket enth\u00e4lt eine Handpumpe, ein Doppelpaddel und einen SUP-Kajaksitz mit verl\u00e4ngerten Fl\u00fcgeln f\u00fcr zus\u00e4tzliche Unterst\u00fctzung. Der Rucksack verf\u00fcgt \u00fcber eine Rei\u00dfverschlusstasche f\u00fcr pers\u00f6nliche Gegenst\u00e4nde und dicke Schaumstoff-Baumwolle f\u00fcr bequemes Tragen. Dar\u00fcber hinaus verf\u00fcgt das Paddelboard \u00fcber ein fortschrittliches Klett-Paddelsystem und ein Schnellspannsystem, das Zeit und Kraft spart. Die Gel\u00e4ndeversion hat eine Gewichtskapazit\u00e4t von 150 kg und ist f\u00fcr Anf\u00e4nger und Fortgeschrittene geeignet, um stabiles Paddeln und besseres Tracking zu bieten. <\/span><\/p>\n<p><span>Egal, ob Sie ein ruhiges Solo-Paddeln, eine lustige Familienaktivit\u00e4t oder ein intensives Training suchen, das TIGERXBANG Defender Pro Series Surfboard ist eine fantastische M\u00f6glichkeit, Wasser auf eine ganz neue Art und Weise zu erleben. <\/span><\/p>\n<p><span><br \/><\/span><\/p>\n<\/p>\n<p><span>Was ist im Lieferumfang enthalten? <\/span><\/p>\n<ul class=\"a-unordered-list a-vertical\">\n<li><span class=\"a-list-item\"><span>1 x aufblasbares Board <\/span><\/span><\/li>\n<li><span class=\"a-list-item\"><span>1 * Verbesserter Kajaksitz <\/span><\/span><\/li>\n<li><span class=\"a-list-item\"><span>1 x Handpumpe mit Druckanzeige <\/span><\/span><\/li>\n<li><span class=\"a-list-item\"><span>1 x Doppelpaddel. <\/span><\/span><\/li>\n<li><span class=\"a-list-item\"><span>1 * Rucksack <\/span><\/span><\/li>\n<li><span class=\"a-list-item\"><span>1 x Kn\u00f6chelriemen. <\/span><\/span><\/li>\n<li><span class=\"a-list-item\"><span>3 x Schnellverschluss-Flossen <\/span><\/span><\/li>\n<li><span class=\"a-list-item\"><span>1 x Reparaturset (ohne Kleber) <\/span><\/span><\/li>\n<li><span class=\"a-list-item\"><span>1 x Benutzerhandbuch (evtl. nicht in deutscher Sprache). <\/span><\/span><\/li>\n<\/ul><\/div>\n<p><strong>Product Overview<\/strong><\/p>\n<ul>\n<li>\n<strong>Marke:<\/strong> TIGERXBANG<\/li>\n<li>\n<strong>Farbe:<\/strong> Blau-305cm<\/li>\n<li>\n<strong>Material:<\/strong> \u200ePVC,Double-sided Drop Needle Material<\/li>\n<li>\n<strong>Sport:<\/strong> Yoga, Stand Up Paddle Boarding, SUP-Board<\/li>\n<li>\n<strong>Artikelgewicht:<\/strong> 7,71 Kilogramm<\/li>\n<\/ul>\n<p><strong>Product Features<\/strong><\/p>\n<ul>\n<li>\u3010Leichter und flexibler\u3011Die aufblasbare Paddelkollektion TIGERXBANG Defender Collection besteht aus ultraleichtem PVC-Material in Milit\u00e4rqualit\u00e4t, das eine hervorragende Abriebfestigkeit, Robustheit und eine lange Lebensdauer aufweist. Mit einer Gr\u00f6\u00dfe von 305x80x15cm ist das Paddleboard leichter, tragbarer und einfacher zu bedienen, wodurch Paddler mit mehr Flexibilit\u00e4t verschiedene komplexe Wasserstr\u00f6mungsumgebungen navigieren k\u00f6nnen.<\/li>\n<li>\u3010Paddelst\u00fctzsystem\u3011Tigerxbang-SUP boards sind mit einem fortschrittlichen und praktischen Klett-Paddelsystem ausgestattet, dessen Gr\u00f6\u00dfe eingestellt werden kann und das f\u00fcr unterschiedliche Dicken der Paddelstangen geeignet ist. Es kann Ihre Paddel ohne Platzbedarf aufbewahren und Ihre H\u00e4nde befreien, um Freizeit zu genie\u00dfen, ohne sich Gedanken \u00fcber verlorene Paddel machen zu m\u00fcssen.<\/li>\n<li>\u3010Quick-Release-Fin-System\u3011Aufblasbare Stand Up Paddleboarding sind mit einem verbesserten Quick-Release-Fin-System ausgestattet, das vor dem Paddeln mehr Zeit und Kraft spart, das Problem des Sandstaus effektiv l\u00f6st und Paddleboard-Finnen aus hochwertigem Material herstellt, das eine st\u00e4rkere und stabilere Struktur aufweist und Verluste bei der Verwendung vermeidet.<\/li>\n<li>\u3010Verbesserter Rucksack\u3011Das Paddleboard-Set wird mit einem aktualisierten Rucksack geliefert, der eine Bauchg\u00fcrteltasche und dicke Schaumstoff-Baumwolle f\u00fcr Schultergurte und R\u00fccken enth\u00e4lt, um das Tragen einfacher und bequemer zu gestalten.<\/li>\n<li>\u3010Paket beinhaltet\u3011Das Paket enth\u00e4lt ein aufblasbares Paddleboard, ein verstellbares Paddel, eine abnehmbare zentrale Finne, eine Doppelwirkungs-Handpumpe, einen Rucksack, eine SUP-Leine und ein Reparaturset (ohne Kleber). Wir bieten 1 Jahr Garantie und Sie k\u00f6nnen uns jederzeit kontaktieren, wenn Sie Fragen haben.<\/li>\n<\/ul>\n<p><strong>Product Information<\/strong><\/p>\n<ul>\n<table style=\"margin-bottom:20px\">\n<tbody>\n<tr>\n<td><strong>Marke<\/strong><\/td>\n<td>TIGERXBANG<\/td>\n<\/tr>\n<tr>\n<td><strong>Sporttyp<\/strong><\/td>\n<td>Yoga, Stand Up Paddle Boarding, SUP-Board<\/td>\n<\/tr>\n<tr>\n<td><strong>F\u00e4higkeitsebene<\/strong><\/td>\n<td>Alle<\/td>\n<\/tr>\n<tr>\n<td><strong>Altersgruppe Beschreibung<\/strong><\/td>\n<td>Alle Altersstufen<\/td>\n<\/tr>\n<tr>\n<td><strong>Artikelform<\/strong><\/td>\n<td>Rechteck<\/td>\n<\/tr>\n<tr>\n<td><strong>Hersteller<\/strong><\/td>\n<td>TIGERXBANG<\/td>\n<\/tr>\n<tr>\n<td><strong>UPC<\/strong><\/td>\n<td>759041776992<\/td>\n<\/tr>\n<tr>\n<td><strong>Modellnummer<\/strong><\/td>\n<td>DEFENDER<\/td>\n<\/tr>\n<tr>\n<td><strong>Artikelnummer<\/strong><\/td>\n<td>SN009<\/td>\n<\/tr>\n<tr>\n<td><strong>Eingeschlossene Komponenten<\/strong><\/td>\n<td>1x aufblasbares Board 1x Handpumpe mit Druckanzeige 1x Einzelblattpaddel 1x Rucksack 1x Kn\u00f6chelleine 1x Schnellverschlussfinne 1x Reparaturset (ohne Kleber) 1x Benutzerhandbuch<\/td>\n<\/tr>\n<tr>\n<td><strong>Kontaktinformationen des Herstellers<\/strong><\/td>\n<td>TIGERXBANG<\/td>\n<\/tr>\n<tr>\n<td><strong>Artikeltyp Name<\/strong><\/td>\n<td>DEFENDER<\/td>\n<\/tr>\n<tr>\n<td><strong>Garantie f\u00fcr das Produkt<\/strong><\/td>\n<td>1 Year<\/td>\n<\/tr>\n<tr>\n<td><strong>Amazon Bestseller-Rang<\/strong><\/td>\n<td><\/td>\n<\/tr>\n<tr>\n<td><strong>ASIN<\/strong><\/td>\n<td>B0BQ72CQCQ<\/td>\n<\/tr>\n<tr>\n<td><strong>Durchschnittliche Kundenbewertung<\/strong><\/td>\n<td><\/td>\n<\/tr>\n<tr>\n<td><strong>Artikelgewicht<\/strong><\/td>\n<td>7,71 Kilogramm<\/td>\n<\/tr>\n<tr>\n<td><strong>Artikelma\u00dfe L x B<\/strong><\/td>\n<td>3,05L x 0,79B m<\/td>\n<\/tr>\n<tr>\n<td><strong>Artikelst\u00e4rke<\/strong><\/td>\n<td>15 Zentimeter<\/td>\n<\/tr>\n<tr>\n<td><strong>Farbe<\/strong><\/td>\n<td>Blau-305cm<\/td>\n<\/tr>\n<tr>\n<td><strong>Material<\/strong><\/td>\n<td>\u200ePVC,Double-sided Drop Needle Material<\/td>\n<\/tr>\n<tr>\n<td><strong>Tr\u00e4gerart<\/strong><\/td>\n<td>Kn\u00f6chel<\/td>\n<\/tr>\n<tr>\n<td><strong>Empfohlenes Maximalgewicht<\/strong><\/td>\n<td>250 Pfund<\/td>\n<\/tr>\n<tr>\n<td><strong>Max. Druck<\/strong><\/td>\n<td>2133 Pfund pro Quadratzoll<\/td>\n<\/tr>\n<\/tbody>\n<\/table>\n<\/ul>","protected":false},"excerpt":{"rendered":"<p>TIGERXBANG Defender Pro Surfbrett, neue Kollektion, gemacht f\u00fcr Sie. Bleiben Sie aufrecht, rudern Sie stark und genie\u00dfen Sie das Abenteuer.<\/p>","protected":false},"featured_media":32208,"comment_status":"open","ping_status":"closed","template":"","meta":[],"product_brand":[],"product_cat":[153],"product_tag":[],"class_list":{"0":"post-31869","1":"product","2":"type-product","3":"status-publish","4":"has-post-thumbnail","6":"product_cat-sup-boards","8":"first","9":"instock","10":"sale","11":"shipping-taxable","12":"purchasable","13":"product-type-variable"},"jetpack_sharing_enabled":true,"_links":{"self":[{"href":"https:\/\/beosstrix.shop\/en\/wp-json\/wp\/v2\/product\/31869","targetHints":{"allow":["GET"]}}],"collection":[{"href":"https:\/\/beosstrix.shop\/en\/wp-json\/wp\/v2\/product"}],"about":[{"href":"https:\/\/beosstrix.shop\/en\/wp-json\/wp\/v2\/types\/product"}],"replies":[{"embeddable":true,"href":"https:\/\/beosstrix.shop\/en\/wp-json\/wp\/v2\/comments?post=31869"}],"version-history":[{"count":0,"href":"https:\/\/beosstrix.shop\/en\/wp-json\/wp\/v2\/product\/31869\/revisions"}],"wp:featuredmedia":[{"embeddable":true,"href":"https:\/\/beosstrix.shop\/en\/wp-json\/wp\/v2\/media\/32208"}],"wp:attachment":[{"href":"https:\/\/beosstrix.shop\/en\/wp-json\/wp\/v2\/media?parent=31869"}],"wp:term":[{"taxonomy":"product_brand","embeddable":true,"href":"https:\/\/beosstrix.shop\/en\/wp-json\/wp\/v2\/product_brand?post=31869"},{"taxonomy":"product_cat","embeddable":true,"href":"https:\/\/beosstrix.shop\/en\/wp-json\/wp\/v2\/product_cat?post=31869"},{"taxonomy":"product_tag","embeddable":true,"href":"https:\/\/beosstrix.shop\/en\/wp-json\/wp\/v2\/product_tag?post=31869"}],"curies":[{"name":"wp","href":"https:\/\/api.w.org\/{rel}","templated":true}]}}