{"id":31877,"date":"2026-05-13T17:32:33","date_gmt":"2026-05-13T17:32:33","guid":{"rendered":"https:\/\/beosstrix.shop\/product\/tigerxbang-sup-board-stand-up-paddling-board-108-330-x-86-x-15-cm-mit-premium-komplett-aufblas-sup-zubehor-extra-breite-paddleboards-fur-erwachsene-und-kinder-pandora-kollektion\/"},"modified":"2026-05-13T17:32:35","modified_gmt":"2026-05-13T17:32:35","slug":"tigerxbang-sup-board-stand-up-paddling-board-108-330-x-86-x-15-cm-mit-premium-komplett-aufblas-sup-zubehor-extra-breite-paddleboards-fur-erwachsene-und-kinder-pandora-kollektion","status":"publish","type":"product","link":"https:\/\/beosstrix.shop\/en\/product\/tigerxbang-sup-board-stand-up-paddling-board-108-330-x-86-x-15-cm-mit-premium-komplett-aufblas-sup-zubehor-extra-breite-paddleboards-fur-erwachsene-und-kinder-pandora-kollektion\/","title":{"rendered":"Tigerxbang Pandora SUP Board 330x86x15 cm Aufblasbar Komplett-Set Extra Breit Erwachsene Kinder"},"content":{"rendered":"<p><strong>Product Overview<\/strong><\/p>\n<ul>\n<li>\n<strong>Marke:<\/strong> TIGERXBANG<\/li>\n<li>\n<strong>Farbe:<\/strong> Chili-Rot<\/li>\n<li>\n<strong>Material:<\/strong> \u200ePVC, doppelseitiges Nadelmaterial<\/li>\n<li>\n<strong>Sport:<\/strong> SUP<\/li>\n<li>\n<strong>Artikelgewicht:<\/strong> 9,5 Kilogramm<\/li>\n<\/ul>\n<p><strong>Product Features<\/strong><\/p>\n<ul>\n<li>\u3010Extra-gro\u00dfe Abmessungen f\u00fcr Stabilit\u00e4t\u3011Das aufblasbare SUP-Board der Tigerxbang Pandora-Kollektion, mit den Ma\u00dfen 330x86x15cm, bietet eine deutlich gr\u00f6\u00dfere Oberfl\u00e4che im Vergleich zu Standard-Paddleboards. Maximales Paddleboarding-Fahrergewicht 400lbs. Diese zus\u00e4tzliche Gr\u00f6\u00dfe gew\u00e4hrleistet eine gr\u00f6\u00dfere Stabilit\u00e4t und Balance, was es perfekt f\u00fcr Anf\u00e4nger oder jeden macht, der wasserbasierte Aktivit\u00e4ten wie Yoga aus\u00fcbt.<\/li>\n<li>\u3010Fortgeschrittene Funktionalit\u00e4t f\u00fcr Enthusiasten\u3011Die Stand-up-Paddling-Boards von Tigerxbang sind mit einer Kamerabasis ausgestattet, die es Abenteurern erm\u00f6glicht, ihre erstaunlichen Paddleboarding-Momente festzuhalten. Sie verf\u00fcgen auch \u00fcber ein einzigartiges Paddelst\u00fctzsystem, das Ihre Paddel ohne Platzverbrauch aufbewahren kann, sodass Sie Ihre Freizeit genie\u00dfen k\u00f6nnen, ohne sich Sorgen machen zu m\u00fcssen, dass die Paddel verloren gehen.<\/li>\n<li>\u3010Vielseitiges Doppelklingen-Paddel und verbessertes US-Fin\u3011Das Doppelklingen-Paddel dient zwei Zwecken: Es kann als Einklingen-Paddel f\u00fcr das Stehpaddeln oder als Doppelklingen-Paddel f\u00fcr das Kajakfahren verwendet werden. Das US-Touring-Paddleboard-Fin mit breiterer Basis f\u00fcr besseres Tracking und mehr Stabilit\u00e4t.<\/li>\n<li>\u3010Ergonomisches und tragbares Design\u3011Das aufblasbare SUP von Tigerxbang legt Wert auf Komfort, was in dem verbesserten Kajaksitz mit erweiterten Fl\u00fcgeln f\u00fcr bessere R\u00fcckenst\u00fctze und dem ergonomisch gestalteten Rucksack mit zus\u00e4tzlicher Polsterung und einem Taillengurt f\u00fcr den einfachen Transport deutlich wird. Diese Elemente machen das Tragen und Benutzen des Stand-up-Paddleboards zu einem komfortablen und angenehmen Erlebnis.<\/li>\n<li>\u3010Stilvolle \u00c4sthetik mit Farbvielfalt\u3011Paddle Boards sind in drei auff\u00e4lligen Farben erh\u00e4ltlich, jeweils mit einem schicken Holzmaserungsmuster verst\u00e4rkt. Die einzigartige Farbpalette und das Design verleihen den SUP Boards ein raffiniertes und retro Aussehen. Die PANDORA SUP Boards sind nicht nur optisch ansprechend, sondern auch f\u00fcr Leistung, Komfort und Vielseitigkeit konstruiert, eine erstklassige Wahl f\u00fcr eine breite Palette von Paddleboard-Enthusiasten.<\/li>\n<\/ul>\n<p><strong>Product Information<\/strong><\/p>\n<ul>\n<table style=\"margin-bottom:20px\">\n<tbody>\n<tr>\n<td><strong>Marke<\/strong><\/td>\n<td>TIGERXBANG<\/td>\n<\/tr>\n<tr>\n<td><strong>Sporttyp<\/strong><\/td>\n<td>SUP<\/td>\n<\/tr>\n<tr>\n<td><strong>F\u00e4higkeitsebene<\/strong><\/td>\n<td>Einsteiger<\/td>\n<\/tr>\n<tr>\n<td><strong>Altersgruppe Beschreibung<\/strong><\/td>\n<td>Erwachsener<\/td>\n<\/tr>\n<tr>\n<td><strong>Artikelform<\/strong><\/td>\n<td>Rechteckiger Prism<\/td>\n<\/tr>\n<tr>\n<td><strong>Hersteller<\/strong><\/td>\n<td>TIGERXBANG<\/td>\n<\/tr>\n<tr>\n<td><strong>UPC<\/strong><\/td>\n<td>792522805026<\/td>\n<\/tr>\n<tr>\n<td><strong>Modellnummer<\/strong><\/td>\n<td>SN061<\/td>\n<\/tr>\n<tr>\n<td><strong>Artikelnummer<\/strong><\/td>\n<td>SN061<\/td>\n<\/tr>\n<tr>\n<td><strong>Eingeschlossene Komponenten<\/strong><\/td>\n<td>1x Sup-Board 1x verbesserter Kajaksitz 1x Handpumpe mit Manometer 1x Doppelblattpaddel 1x Rucksack 1x Kn\u00f6chelleine 1x US-Flosse 1x Reparaturset (kein Kleber) 1x Bedienungsanleitung<\/td>\n<\/tr>\n<tr>\n<td><strong>Anzahl von Einheiten<\/strong><\/td>\n<td>1.0 st\u00fcck<\/td>\n<\/tr>\n<tr>\n<td><strong>Artikeltyp Name<\/strong><\/td>\n<td>SUP Board<\/td>\n<\/tr>\n<tr>\n<td><strong>Herkunftsland<\/strong><\/td>\n<td>China<\/td>\n<\/tr>\n<tr>\n<td><strong>Garantie f\u00fcr das Produkt<\/strong><\/td>\n<td>1-Year<\/td>\n<\/tr>\n<tr>\n<td><strong>Amazon Bestseller-Rang<\/strong><\/td>\n<td><\/td>\n<\/tr>\n<tr>\n<td><strong>ASIN<\/strong><\/td>\n<td>B0CP9PX1NX<\/td>\n<\/tr>\n<tr>\n<td><strong>Durchschnittliche Kundenbewertung<\/strong><\/td>\n<td><\/td>\n<\/tr>\n<tr>\n<td><strong>Artikelgewicht<\/strong><\/td>\n<td>9,5 Kilogramm<\/td>\n<\/tr>\n<tr>\n<td><strong>Artikelma\u00dfe L x B<\/strong><\/td>\n<td>86B cm<\/td>\n<\/tr>\n<tr>\n<td><strong>Artikelst\u00e4rke<\/strong><\/td>\n<td>6 Zoll<\/td>\n<\/tr>\n<tr>\n<td><strong>Farbe<\/strong><\/td>\n<td>Chili-Rot<\/td>\n<\/tr>\n<tr>\n<td><strong>Material<\/strong><\/td>\n<td>\u200ePVC, doppelseitiges Nadelmaterial<\/td>\n<\/tr>\n<tr>\n<td><strong>Tr\u00e4gerart<\/strong><\/td>\n<td>Kn\u00f6chel.<\/td>\n<\/tr>\n<tr>\n<td><strong>Empfohlenes Maximalgewicht<\/strong><\/td>\n<td>400 Pfund<\/td>\n<\/tr>\n<tr>\n<td><strong>Max. Druck<\/strong><\/td>\n<td>15 Pfund pro Quadratzoll<\/td>\n<\/tr>\n<\/tbody>\n<\/table>\n<\/ul>","protected":false},"excerpt":{"rendered":"<p>Product Overview Marke: TIGERXBANG Farbe: Chili-Rot Material: \u200ePVC, doppelseitiges Nadelmaterial Sport: SUP Artikelgewicht: 9,5 Kilogramm Product Features \u3010Extra-gro\u00dfe Abmessungen f\u00fcr<\/p>","protected":false},"featured_media":32221,"comment_status":"open","ping_status":"closed","template":"","meta":[],"product_brand":[],"product_cat":[153],"product_tag":[],"class_list":{"0":"post-31877","1":"product","2":"type-product","3":"status-publish","4":"has-post-thumbnail","6":"product_cat-sup-boards","8":"first","9":"instock","10":"sale","11":"shipping-taxable","12":"purchasable","13":"product-type-variable"},"jetpack_sharing_enabled":true,"_links":{"self":[{"href":"https:\/\/beosstrix.shop\/en\/wp-json\/wp\/v2\/product\/31877","targetHints":{"allow":["GET"]}}],"collection":[{"href":"https:\/\/beosstrix.shop\/en\/wp-json\/wp\/v2\/product"}],"about":[{"href":"https:\/\/beosstrix.shop\/en\/wp-json\/wp\/v2\/types\/product"}],"replies":[{"embeddable":true,"href":"https:\/\/beosstrix.shop\/en\/wp-json\/wp\/v2\/comments?post=31877"}],"version-history":[{"count":0,"href":"https:\/\/beosstrix.shop\/en\/wp-json\/wp\/v2\/product\/31877\/revisions"}],"wp:featuredmedia":[{"embeddable":true,"href":"https:\/\/beosstrix.shop\/en\/wp-json\/wp\/v2\/media\/32221"}],"wp:attachment":[{"href":"https:\/\/beosstrix.shop\/en\/wp-json\/wp\/v2\/media?parent=31877"}],"wp:term":[{"taxonomy":"product_brand","embeddable":true,"href":"https:\/\/beosstrix.shop\/en\/wp-json\/wp\/v2\/product_brand?post=31877"},{"taxonomy":"product_cat","embeddable":true,"href":"https:\/\/beosstrix.shop\/en\/wp-json\/wp\/v2\/product_cat?post=31877"},{"taxonomy":"product_tag","embeddable":true,"href":"https:\/\/beosstrix.shop\/en\/wp-json\/wp\/v2\/product_tag?post=31877"}],"curies":[{"name":"wp","href":"https:\/\/api.w.org\/{rel}","templated":true}]}}